{"id":1135,"date":"2022-04-06T07:00:43","date_gmt":"2022-04-06T07:00:43","guid":{"rendered":"https:\/\/aolivefield.com\/?page_id=1135"},"modified":"2022-10-28T04:21:46","modified_gmt":"2022-10-28T04:21:46","slug":"about-italiano","status":"publish","type":"page","link":"https:\/\/aolivefield.com\/?page_id=1135&lang=it","title":{"rendered":"About Italiano"},"content":{"rendered":"\t\t<div data-elementor-type=\"wp-page\" data-elementor-id=\"1135\" class=\"elementor elementor-1135\">\n\t\t\t\t\t\t<section class=\"elementor-section elementor-top-section elementor-element elementor-element-013a5a6 elementor-section-boxed elementor-section-height-default elementor-section-height-default\" data-id=\"013a5a6\" data-element_type=\"section\" data-e-type=\"section\">\n\t\t\t\t\t\t<div class=\"elementor-container elementor-column-gap-default\">\n\t\t\t\t\t<div class=\"elementor-column elementor-col-100 elementor-top-column elementor-element elementor-element-8365f74\" data-id=\"8365f74\" data-element_type=\"column\" data-e-type=\"column\">\n\t\t\t<div class=\"elementor-widget-wrap elementor-element-populated\">\n\t\t\t\t\t\t<div class=\"elementor-element elementor-element-abe1753 elementor-widget elementor-widget-text-editor\" data-id=\"abe1753\" data-element_type=\"widget\" data-e-type=\"widget\" data-widget_type=\"text-editor.default\">\n\t\t\t\t<div class=\"elementor-widget-container\">\n\t\t\t\t\t\t\t\t\t<p>Progettazione, ingegnerizzazione, sviluppo, produzione<\/p>\t\t\t\t\t\t\t\t<\/div>\n\t\t\t\t<\/div>\n\t\t\t\t\t<\/div>\n\t\t<\/div>\n\t\t\t\t\t<\/div>\n\t\t<\/section>\n\t\t\t\t<section class=\"elementor-section elementor-top-section elementor-element elementor-element-cccb065 elementor-section-boxed elementor-section-height-default elementor-section-height-default\" data-id=\"cccb065\" data-element_type=\"section\" data-e-type=\"section\">\n\t\t\t\t\t\t<div class=\"elementor-container elementor-column-gap-default\">\n\t\t\t\t\t<div class=\"elementor-column elementor-col-100 elementor-top-column elementor-element elementor-element-bc50647\" data-id=\"bc50647\" data-element_type=\"column\" data-e-type=\"column\">\n\t\t\t<div class=\"elementor-widget-wrap elementor-element-populated\">\n\t\t\t\t\t\t<div class=\"elementor-element elementor-element-90be1b0 elementor-widget elementor-widget-text-editor\" data-id=\"90be1b0\" data-element_type=\"widget\" data-e-type=\"widget\" data-widget_type=\"text-editor.default\">\n\t\t\t\t<div class=\"elementor-widget-container\">\n\t\t\t\t\t\t\t\t\t<p>Diamo forma alla tue idee<\/p>\t\t\t\t\t\t\t\t<\/div>\n\t\t\t\t<\/div>\n\t\t\t\t\t<\/div>\n\t\t<\/div>\n\t\t\t\t\t<\/div>\n\t\t<\/section>\n\t\t\t\t<section class=\"elementor-section elementor-top-section elementor-element elementor-element-3655f548 elementor-section-boxed elementor-section-height-default elementor-section-height-default\" data-id=\"3655f548\" data-element_type=\"section\" data-e-type=\"section\">\n\t\t\t\t\t\t<div class=\"elementor-container elementor-column-gap-default\">\n\t\t\t\t\t<div class=\"elementor-column elementor-col-100 elementor-top-column elementor-element elementor-element-41fb3d84\" data-id=\"41fb3d84\" data-element_type=\"column\" data-e-type=\"column\">\n\t\t\t<div class=\"elementor-widget-wrap elementor-element-populated\">\n\t\t\t\t\t\t<div class=\"elementor-element elementor-element-3d8c9d4a elementor-widget elementor-widget-text-editor\" data-id=\"3d8c9d4a\" data-element_type=\"widget\" data-e-type=\"widget\" data-widget_type=\"text-editor.default\">\n\t\t\t\t<div class=\"elementor-widget-container\">\n\t\t\t\t\t\t\t\t\t<p style=\"text-align: left;\">Andrew&#8217;s Olivefield \u00e8 stata fondata da un ingegnere Italiano con la passione per lo stile e il design.<\/p>\t\t\t\t\t\t\t\t<\/div>\n\t\t\t\t<\/div>\n\t\t\t\t\t<\/div>\n\t\t<\/div>\n\t\t\t\t\t<\/div>\n\t\t<\/section>\n\t\t\t\t<section class=\"elementor-section elementor-top-section elementor-element elementor-element-f93f692 elementor-section-boxed elementor-section-height-default elementor-section-height-default\" data-id=\"f93f692\" data-element_type=\"section\" data-e-type=\"section\">\n\t\t\t\t\t\t<div class=\"elementor-container elementor-column-gap-default\">\n\t\t\t\t\t<div class=\"elementor-column elementor-col-100 elementor-top-column elementor-element elementor-element-5d59938\" data-id=\"5d59938\" data-element_type=\"column\" data-e-type=\"column\">\n\t\t\t<div class=\"elementor-widget-wrap elementor-element-populated\">\n\t\t\t\t\t\t<div class=\"elementor-element elementor-element-fbdf3e3 elementor-widget elementor-widget-text-editor\" data-id=\"fbdf3e3\" data-element_type=\"widget\" data-e-type=\"widget\" data-widget_type=\"text-editor.default\">\n\t\t\t\t<div class=\"elementor-widget-container\">\n\t\t\t\t\t\t\t\t\t<em>\u00a0 \u00a0 \u00a0 \u00a0 \u00a0\u201cVivo in Asia da oltre 25 anni e fin dall&#8217;inizio ho creduto nel mix tra creativit\u00e0 italiana ed efficienza di Hong Kong\u201d.<\/em>\t\t\t\t\t\t\t\t<\/div>\n\t\t\t\t<\/div>\n\t\t\t\t\t<\/div>\n\t\t<\/div>\n\t\t\t\t\t<\/div>\n\t\t<\/section>\n\t\t\t\t<section class=\"elementor-section elementor-top-section elementor-element elementor-element-8d5dd0d elementor-section-boxed elementor-section-height-default elementor-section-height-default\" data-id=\"8d5dd0d\" data-element_type=\"section\" data-e-type=\"section\">\n\t\t\t\t\t\t<div class=\"elementor-container elementor-column-gap-default\">\n\t\t\t\t\t<div class=\"elementor-column elementor-col-100 elementor-top-column elementor-element elementor-element-c2c4c22\" data-id=\"c2c4c22\" data-element_type=\"column\" data-e-type=\"column\">\n\t\t\t<div class=\"elementor-widget-wrap elementor-element-populated\">\n\t\t\t\t\t\t<div class=\"elementor-element elementor-element-623f680 elementor-widget elementor-widget-text-editor\" data-id=\"623f680\" data-element_type=\"widget\" data-e-type=\"widget\" data-widget_type=\"text-editor.default\">\n\t\t\t\t<div class=\"elementor-widget-container\">\n\t\t\t\t\t\t\t\t\t<p style=\"text-align: left;\">Il risultato \u00e8 un&#8217;azienda dinamica e moderna che crede nella qualit\u00e0 del proprio servizio. Il nostro background viene dall&#8217;industria dell&#8217;orologeria e negli anni abbiamo esteso le nostre conoscenze a gioielli, accessori, pelletteria e altro: gemelli di fascia alta, cinture con fibbie complicate, penne raffinate, \u2026<br \/>Le nostre capacit\u00e0 ci consentono di gestire ogni fase del processo, dalla ricerca, alla progettazione, allo sviluppo del prodotto, alla produzione. Sta a te decidere dove vuoi che interveniamo: ad esempio alcuni nostri clienti preferiscono inviarci degli schizzi con un concetto chiaro del prodotto, altri preferiscono mandarci il 3D completo.<br \/>Ma non importa da dove inizia il progetto. Lavoriamo sempre con dedizione, grande attenzione ai dettagli e facendo tutto per il cliente nello stesso modo in cui lo faremmo per noi.<\/p>\t\t\t\t\t\t\t\t<\/div>\n\t\t\t\t<\/div>\n\t\t\t\t\t<\/div>\n\t\t<\/div>\n\t\t\t\t\t<\/div>\n\t\t<\/section>\n\t\t\t\t<section class=\"elementor-section elementor-top-section elementor-element elementor-element-72b28b6 elementor-section-boxed elementor-section-height-default elementor-section-height-default\" data-id=\"72b28b6\" data-element_type=\"section\" data-e-type=\"section\">\n\t\t\t\t\t\t<div class=\"elementor-container elementor-column-gap-default\">\n\t\t\t\t\t<div class=\"elementor-column elementor-col-100 elementor-top-column elementor-element elementor-element-5b477f0\" data-id=\"5b477f0\" data-element_type=\"column\" data-e-type=\"column\">\n\t\t\t<div class=\"elementor-widget-wrap elementor-element-populated\">\n\t\t\t\t\t\t<div class=\"elementor-element elementor-element-590c398 elementor-widget elementor-widget-text-editor\" data-id=\"590c398\" data-element_type=\"widget\" data-e-type=\"widget\" data-widget_type=\"text-editor.default\">\n\t\t\t\t<div class=\"elementor-widget-container\">\n\t\t\t\t\t\t\t\t\t<strong>Cosa facciamo e perch\u00e9 dovresti lavorare con noi<\/strong>\t\t\t\t\t\t\t\t<\/div>\n\t\t\t\t<\/div>\n\t\t\t\t\t<\/div>\n\t\t<\/div>\n\t\t\t\t\t<\/div>\n\t\t<\/section>\n\t\t\t\t<section class=\"elementor-section elementor-top-section elementor-element elementor-element-f8158f9 elementor-section-boxed elementor-section-height-default elementor-section-height-default\" data-id=\"f8158f9\" data-element_type=\"section\" data-e-type=\"section\">\n\t\t\t\t\t\t<div class=\"elementor-container elementor-column-gap-default\">\n\t\t\t\t\t<div class=\"elementor-column elementor-col-100 elementor-top-column elementor-element elementor-element-15ceb54\" data-id=\"15ceb54\" data-element_type=\"column\" data-e-type=\"column\">\n\t\t\t<div class=\"elementor-widget-wrap elementor-element-populated\">\n\t\t\t\t\t\t<div class=\"elementor-element elementor-element-5d7b0c3 elementor-position-left elementor-vertical-align-top elementor-widget elementor-widget-image-box\" data-id=\"5d7b0c3\" data-element_type=\"widget\" data-e-type=\"widget\" data-widget_type=\"image-box.default\">\n\t\t\t\t<div class=\"elementor-widget-container\">\n\t\t\t\t\t<div class=\"elementor-image-box-wrapper\"><figure class=\"elementor-image-box-img\"><img fetchpriority=\"high\" decoding=\"async\" width=\"295\" height=\"295\" src=\"https:\/\/aolivefield.com\/wp-content\/uploads\/2022\/03\/Design.png\" class=\"attachment-full size-full wp-image-407\" alt=\"\" srcset=\"https:\/\/aolivefield.com\/wp-content\/uploads\/2022\/03\/Design.png 295w, https:\/\/aolivefield.com\/wp-content\/uploads\/2022\/03\/Design-150x150.png 150w\" sizes=\"(max-width: 295px) 100vw, 295px\" \/><\/figure><div class=\"elementor-image-box-content\"><h3 class=\"elementor-image-box-title\">Design industriale<\/h3><p class=\"elementor-image-box-description\">Sviluppiamo, convalidiamo e perfezioniamo i progetti, dal concept iniziale, al design del prodotto finale, alla selezione dei materiali. Conosciamo molto bene il valore di saper ascoltare e comprendere il cliente. Questo \u00e8 un punto chiave per risparmiare tempo e ottenere un prodotto che soddisfi le vostre richieste e aspettative. Ma il nostro approccio \u00e8 ancora pi\u00f9 importante: fin dal primo schizzo, prendiamo in considerazione tutti i processi e le limitazioni di produzione, sapendo esattamente come una linea in un disegno pu\u00f2 far ridurre o aumentare i costi. Troppe volte i designer si concentrano solamente sull'estetica dimenticando fattibilit\u00e0 e praticit\u00e0. Ecco perch\u00e9 le nostre conoscenze ingegneristiche e di produzione sono un aspetto critico che ci consente di prevedere e risolvere potenziali problemi prima che si presentino.<\/p><\/div><\/div>\t\t\t\t<\/div>\n\t\t\t\t<\/div>\n\t\t\t\t\t<\/div>\n\t\t<\/div>\n\t\t\t\t\t<\/div>\n\t\t<\/section>\n\t\t\t\t<section class=\"elementor-section elementor-top-section elementor-element elementor-element-d9a0554 elementor-section-boxed elementor-section-height-default elementor-section-height-default\" data-id=\"d9a0554\" data-element_type=\"section\" data-e-type=\"section\">\n\t\t\t\t\t\t<div class=\"elementor-container elementor-column-gap-default\">\n\t\t\t\t\t<div class=\"elementor-column elementor-col-100 elementor-top-column elementor-element elementor-element-775d277\" data-id=\"775d277\" data-element_type=\"column\" data-e-type=\"column\">\n\t\t\t<div class=\"elementor-widget-wrap elementor-element-populated\">\n\t\t\t\t\t\t<div class=\"elementor-element elementor-element-ca8d0bc elementor-position-left elementor-vertical-align-top elementor-widget elementor-widget-image-box\" data-id=\"ca8d0bc\" data-element_type=\"widget\" data-e-type=\"widget\" data-widget_type=\"image-box.default\">\n\t\t\t\t<div class=\"elementor-widget-container\">\n\t\t\t\t\t<div class=\"elementor-image-box-wrapper\"><figure class=\"elementor-image-box-img\"><img decoding=\"async\" width=\"295\" height=\"295\" data-src=\"https:\/\/aolivefield.com\/wp-content\/uploads\/2022\/03\/Product.png\" class=\"attachment-full size-full wp-image-424 lazyload\" alt=\"\" data-srcset=\"https:\/\/aolivefield.com\/wp-content\/uploads\/2022\/03\/Product.png 295w, https:\/\/aolivefield.com\/wp-content\/uploads\/2022\/03\/Product-150x150.png 150w\" data-sizes=\"(max-width: 295px) 100vw, 295px\" src=\"data:image\/svg+xml;base64,PHN2ZyB3aWR0aD0iMSIgaGVpZ2h0PSIxIiB4bWxucz0iaHR0cDovL3d3dy53My5vcmcvMjAwMC9zdmciPjwvc3ZnPg==\" style=\"--smush-placeholder-width: 295px; --smush-placeholder-aspect-ratio: 295\/295;\" \/><\/figure><div class=\"elementor-image-box-content\"><h3 class=\"elementor-image-box-title\">Sviluppo del prodotto<\/h3><p class=\"elementor-image-box-description\">Consideriamo lo sviluppo del prodotto come una parte intrinseca del nostro processo di progettazione. Ma nel caso decidessi di mandarci i tuoi disegni o 3D, saremo all'altezza del nostro compito. Ottimizziamo sempre il valore di un'idea brillante. Soprattutto, guardiamo al tuo progetto con una mente critica e un obiettivo chiaro: preservare il suo concetto centrale ma allo stesso tempo offrire soluzioni per migliorare funzionalit\u00e0, fattibilit\u00e0 e ridurre i costi.<\/p><\/div><\/div>\t\t\t\t<\/div>\n\t\t\t\t<\/div>\n\t\t\t\t\t<\/div>\n\t\t<\/div>\n\t\t\t\t\t<\/div>\n\t\t<\/section>\n\t\t\t\t<section class=\"elementor-section elementor-top-section elementor-element elementor-element-3d18a40 elementor-section-boxed elementor-section-height-default elementor-section-height-default\" data-id=\"3d18a40\" data-element_type=\"section\" data-e-type=\"section\">\n\t\t\t\t\t\t<div class=\"elementor-container elementor-column-gap-default\">\n\t\t\t\t\t<div class=\"elementor-column elementor-col-100 elementor-top-column elementor-element elementor-element-f862ac2\" data-id=\"f862ac2\" data-element_type=\"column\" data-e-type=\"column\">\n\t\t\t<div class=\"elementor-widget-wrap elementor-element-populated\">\n\t\t\t\t\t\t<div class=\"elementor-element elementor-element-b94c39b elementor-position-left elementor-vertical-align-top elementor-widget elementor-widget-image-box\" data-id=\"b94c39b\" data-element_type=\"widget\" data-e-type=\"widget\" data-widget_type=\"image-box.default\">\n\t\t\t\t<div class=\"elementor-widget-container\">\n\t\t\t\t\t<div class=\"elementor-image-box-wrapper\"><figure class=\"elementor-image-box-img\"><img decoding=\"async\" width=\"295\" height=\"295\" data-src=\"https:\/\/aolivefield.com\/wp-content\/uploads\/2022\/03\/Prototyping.png\" class=\"attachment-full size-full wp-image-409 lazyload\" alt=\"\" data-srcset=\"https:\/\/aolivefield.com\/wp-content\/uploads\/2022\/03\/Prototyping.png 295w, https:\/\/aolivefield.com\/wp-content\/uploads\/2022\/03\/Prototyping-150x150.png 150w\" data-sizes=\"(max-width: 295px) 100vw, 295px\" src=\"data:image\/svg+xml;base64,PHN2ZyB3aWR0aD0iMSIgaGVpZ2h0PSIxIiB4bWxucz0iaHR0cDovL3d3dy53My5vcmcvMjAwMC9zdmciPjwvc3ZnPg==\" style=\"--smush-placeholder-width: 295px; --smush-placeholder-aspect-ratio: 295\/295;\" \/><\/figure><div class=\"elementor-image-box-content\"><h3 class=\"elementor-image-box-title\">Prototipazione<\/h3><p class=\"elementor-image-box-description\">La prototipazione \u00e8 un passaggio cruciale e durante questo processo siamo estremamente rigorosi. Il campione deve darti l'idea esatta di cosa riceverai nella produzione di massa: realizzato bene in modo da poterti trasmettere le sensazioni che stai cercando ma non eccessivamente lavorato, con caratteristiche impossibili da controllare su una produzione di larga scala. Credo che la maggior parte delle aziende, in una direzione o nella contraria, fallisca durante questo passaggio. A mio avviso, il campione e' spesso fonte di molte incomprensioni e false aspettative. Descrizioni chiare ed esecuzioni corrette possono evitarle tutte.<\/p><\/div><\/div>\t\t\t\t<\/div>\n\t\t\t\t<\/div>\n\t\t\t\t<div class=\"elementor-element elementor-element-1804acf elementor-position-left elementor-vertical-align-top elementor-widget elementor-widget-image-box\" data-id=\"1804acf\" data-element_type=\"widget\" data-e-type=\"widget\" data-widget_type=\"image-box.default\">\n\t\t\t\t<div class=\"elementor-widget-container\">\n\t\t\t\t\t<div class=\"elementor-image-box-wrapper\"><figure class=\"elementor-image-box-img\"><img decoding=\"async\" width=\"295\" height=\"295\" data-src=\"https:\/\/aolivefield.com\/wp-content\/uploads\/2022\/03\/Production.png\" class=\"attachment-full size-full wp-image-410 lazyload\" alt=\"\" data-srcset=\"https:\/\/aolivefield.com\/wp-content\/uploads\/2022\/03\/Production.png 295w, https:\/\/aolivefield.com\/wp-content\/uploads\/2022\/03\/Production-150x150.png 150w\" data-sizes=\"(max-width: 295px) 100vw, 295px\" src=\"data:image\/svg+xml;base64,PHN2ZyB3aWR0aD0iMSIgaGVpZ2h0PSIxIiB4bWxucz0iaHR0cDovL3d3dy53My5vcmcvMjAwMC9zdmciPjwvc3ZnPg==\" style=\"--smush-placeholder-width: 295px; --smush-placeholder-aspect-ratio: 295\/295;\" \/><\/figure><div class=\"elementor-image-box-content\"><h3 class=\"elementor-image-box-title\"> Produzione<\/h3><p class=\"elementor-image-box-description\">Abbiamo decenni di esperienza e una rete di stabilimenti selezionati meticolosamente negli anni. Affidabilit\u00e0 \u00e8 la parola numero uno quando si parla di produzione. Affidabilit\u00e0 durante il processo produttivo. Affidabilit\u00e0 nel seguire le specifiche. Affidabilit\u00e0 nel programma di consegna. Ovviamente possono verificarsi problemi imprevedibili. Non ne siamo abituati, ma possono accadere. La chiave, e' il modo in cui si affrontano queste sfortunate circostanze: agire immediatamente e con trasparenza, mantenendo il cliente aggiornato su quello che sta succedendo. Questo \u00e8 il modo in cui lavoriamo. Siamo meticolosi e scrupolosi oltre a quello che puoi immaginare.<\/p><\/div><\/div>\t\t\t\t<\/div>\n\t\t\t\t<\/div>\n\t\t\t\t\t<\/div>\n\t\t<\/div>\n\t\t\t\t\t<\/div>\n\t\t<\/section>\n\t\t\t\t<\/div>\n\t\t","protected":false},"excerpt":{"rendered":"<p>Progettazione, ingegnerizzazione, sviluppo, produzione Diamo forma alla tue idee Andrew&#8217;s Olivefield \u00e8 stata fondata da un ingegnere Italiano con la passione per lo stile e il design. \u00a0 \u00a0 \u00a0 \u00a0 \u00a0\u201cVivo in Asia da oltre 25 anni e fin dall&#8217;inizio ho creduto nel mix tra creativit\u00e0 italiana ed efficienza di Hong Kong\u201d. Il risultato \u00e8 un&#8217;azienda dinamica e moderna che crede nella qualit\u00e0 del proprio servizio. Il nostro background<\/p>\n<div class=\"read-more\"><a class=\"btn read-more-btn\" href=\"https:\/\/aolivefield.com\/?page_id=1135&#038;lang=it\">Read More<\/a><\/div>\n","protected":false},"author":1,"featured_media":0,"parent":0,"menu_order":0,"comment_status":"closed","ping_status":"closed","template":"","meta":{"footnotes":""},"class_list":["post-1135","page","type-page","status-publish","hentry"],"_links":{"self":[{"href":"https:\/\/aolivefield.com\/index.php?rest_route=\/wp\/v2\/pages\/1135"}],"collection":[{"href":"https:\/\/aolivefield.com\/index.php?rest_route=\/wp\/v2\/pages"}],"about":[{"href":"https:\/\/aolivefield.com\/index.php?rest_route=\/wp\/v2\/types\/page"}],"author":[{"embeddable":true,"href":"https:\/\/aolivefield.com\/index.php?rest_route=\/wp\/v2\/users\/1"}],"replies":[{"embeddable":true,"href":"https:\/\/aolivefield.com\/index.php?rest_route=%2Fwp%2Fv2%2Fcomments&post=1135"}],"version-history":[{"count":40,"href":"https:\/\/aolivefield.com\/index.php?rest_route=\/wp\/v2\/pages\/1135\/revisions"}],"predecessor-version":[{"id":1355,"href":"https:\/\/aolivefield.com\/index.php?rest_route=\/wp\/v2\/pages\/1135\/revisions\/1355"}],"wp:attachment":[{"href":"https:\/\/aolivefield.com\/index.php?rest_route=%2Fwp%2Fv2%2Fmedia&parent=1135"}],"curies":[{"name":"wp","href":"https:\/\/api.w.org\/{rel}","templated":true}]}}